{"id":23046,"date":"2023-06-21T15:06:56","date_gmt":"2023-06-21T15:06:56","guid":{"rendered":"https:\/\/www.farmaciaquimpique.cat\/contacta\/"},"modified":"2023-08-02T08:35:04","modified_gmt":"2023-08-02T08:35:04","slug":"contacta","status":"publish","type":"page","link":"https:\/\/www.farmaciaquimpique.cat\/es\/contacta\/","title":{"rendered":"Contacta"},"content":{"rendered":"\t\t<div data-elementor-type=\"wp-page\" data-elementor-id=\"23046\" class=\"elementor elementor-23046 elementor-22332\">\n\t\t\t\t\t\t<section class=\"elementor-section elementor-top-section elementor-element elementor-element-8131937 elementor-section-height-min-height elementor-section-stretched elementor-section-boxed elementor-section-height-default elementor-section-items-middle sc_fly_static\" data-id=\"8131937\" data-element_type=\"section\" data-e-type=\"section\" data-settings=\"{&quot;stretch_section&quot;:&quot;section-stretched&quot;,&quot;background_background&quot;:&quot;slideshow&quot;,&quot;background_slideshow_gallery&quot;:[{&quot;id&quot;:22334,&quot;url&quot;:&quot;https:\\\/\\\/www.farmaciaquimpique.cat\\\/wp-content\\\/uploads\\\/2023\\\/06\\\/hero-banner.png&quot;}],&quot;background_slideshow_loop&quot;:&quot;yes&quot;,&quot;background_slideshow_slide_duration&quot;:5000,&quot;background_slideshow_slide_transition&quot;:&quot;fade&quot;,&quot;background_slideshow_transition_duration&quot;:500}\">\n\t\t\t\t\t\t<div class=\"elementor-container elementor-column-gap-extended\">\n\t\t\t\t\t<div class=\"elementor-column elementor-col-100 elementor-top-column elementor-element elementor-element-6b2883b sc_content_align_inherit sc_layouts_column_icons_position_left sc_fly_static\" data-id=\"6b2883b\" data-element_type=\"column\" data-e-type=\"column\">\n\t\t\t<div class=\"elementor-widget-wrap elementor-element-populated\">\n\t\t\t\t\t\t<div class=\"elementor-element elementor-element-870b94d sc_fly_static elementor-widget elementor-widget-heading\" data-id=\"870b94d\" data-element_type=\"widget\" data-e-type=\"widget\" data-widget_type=\"heading.default\">\n\t\t\t\t<div class=\"elementor-widget-container\">\n\t\t\t\t\t<h1 class=\"elementor-heading-title elementor-size-default\">Te ayudamos<\/h1>\t\t\t\t<\/div>\n\t\t\t\t<\/div>\n\t\t\t\t\t<\/div>\n\t\t<\/div>\n\t\t\t\t\t<\/div>\n\t\t<\/section>\n\t\t\t\t<section class=\"elementor-section elementor-top-section elementor-element elementor-element-94373af elementor-section-boxed elementor-section-height-default elementor-section-height-default sc_fly_static\" data-id=\"94373af\" data-element_type=\"section\" data-e-type=\"section\">\n\t\t\t\t\t\t<div class=\"elementor-container elementor-column-gap-extended\">\n\t\t\t\t\t<div class=\"elementor-column elementor-col-50 elementor-top-column elementor-element elementor-element-7cbb0bd sc_content_align_inherit sc_layouts_column_icons_position_left sc_fly_static\" data-id=\"7cbb0bd\" data-element_type=\"column\" data-e-type=\"column\">\n\t\t\t<div class=\"elementor-widget-wrap elementor-element-populated\">\n\t\t\t\t\t\t<div class=\"elementor-element elementor-element-7593518 sc_fly_static elementor-widget elementor-widget-heading\" data-id=\"7593518\" data-element_type=\"widget\" data-e-type=\"widget\" data-widget_type=\"heading.default\">\n\t\t\t\t<div class=\"elementor-widget-container\">\n\t\t\t\t\t<h2 class=\"elementor-heading-title elementor-size-default\">Te respondemos<\/h2>\t\t\t\t<\/div>\n\t\t\t\t<\/div>\n\t\t\t\t<div class=\"elementor-element elementor-element-11ce8b2 sc_fly_static elementor-widget elementor-widget-text-editor\" data-id=\"11ce8b2\" data-element_type=\"widget\" data-e-type=\"widget\" data-widget_type=\"text-editor.default\">\n\t\t\t\t<div class=\"elementor-widget-container\">\n\t\t\t\t\t\t\t\t\t<p>Rellena el formulario y nos pondremos en contacto contigo lo antes posible, para resolver cualquier de tus dudas y asesorarte en aquello que necesites.<\/p>\n\t\t\t\t\t\t\t\t<\/div>\n\t\t\t\t<\/div>\n\t\t\t\t<div class=\"elementor-element elementor-element-fd46df8 elementor-widget__width-initial sc_fly_static elementor-widget elementor-widget-trx_sc_contact_form_7\" data-id=\"fd46df8\" data-element_type=\"widget\" data-e-type=\"widget\" id=\"custom-form\" data-widget_type=\"trx_sc_contact_form_7.default\">\n\t\t\t\t<div class=\"elementor-widget-container\">\n\t\t\t\t\t\n<div class=\"wpcf7 no-js\" id=\"wpcf7-f23096-o1\" lang=\"es-ES\" dir=\"ltr\" data-wpcf7-id=\"23096\">\n<div class=\"screen-reader-response\"><p role=\"status\" aria-live=\"polite\" aria-atomic=\"true\"><\/p> <ul><\/ul><\/div>\n<form action=\"\/es\/wp-json\/wp\/v2\/pages\/23046#wpcf7-f23096-o1\" method=\"post\" class=\"wpcf7-form init\" aria-label=\"Formulario de contacto\" novalidate=\"novalidate\" data-status=\"init\">\n<fieldset class=\"hidden-fields-container\"><input type=\"hidden\" name=\"_wpcf7\" value=\"23096\" \/><input type=\"hidden\" name=\"_wpcf7_version\" value=\"6.1.5\" \/><input type=\"hidden\" name=\"_wpcf7_locale\" value=\"es_ES\" \/><input type=\"hidden\" name=\"_wpcf7_unit_tag\" value=\"wpcf7-f23096-o1\" \/><input type=\"hidden\" name=\"_wpcf7_container_post\" value=\"0\" \/><input type=\"hidden\" name=\"_wpcf7_posted_data_hash\" value=\"\" \/><input type=\"hidden\" name=\"_wpcf7_recaptcha_response\" value=\"\" \/>\n<\/fieldset>\n<p><label> Nombre y apellidos<br \/>\n<span class=\"wpcf7-form-control-wrap\" data-name=\"your-name\"><input size=\"40\" maxlength=\"400\" class=\"wpcf7-form-control wpcf7-text wpcf7-validates-as-required\" autocomplete=\"name\" aria-required=\"true\" aria-invalid=\"false\" value=\"\" type=\"text\" name=\"your-name\" \/><\/span> <\/label>\n<\/p>\n<p><label> E-mail<br \/>\n<span class=\"wpcf7-form-control-wrap\" data-name=\"your-email\"><input size=\"40\" maxlength=\"400\" class=\"wpcf7-form-control wpcf7-email wpcf7-validates-as-required wpcf7-text wpcf7-validates-as-email\" autocomplete=\"email\" aria-required=\"true\" aria-invalid=\"false\" value=\"\" type=\"email\" name=\"your-email\" \/><\/span> <\/label>\n<\/p>\n<p><label> Asunto<br \/>\n<span class=\"wpcf7-form-control-wrap\" data-name=\"your-subject\"><input size=\"40\" maxlength=\"400\" class=\"wpcf7-form-control wpcf7-text wpcf7-validates-as-required\" aria-required=\"true\" aria-invalid=\"false\" value=\"\" type=\"text\" name=\"your-subject\" \/><\/span> <\/label>\n<\/p>\n<p><label> Tu mensaje<br \/>\n<span class=\"wpcf7-form-control-wrap\" data-name=\"your-message\"><textarea cols=\"40\" rows=\"10\" maxlength=\"2000\" class=\"wpcf7-form-control wpcf7-textarea\" aria-invalid=\"false\" name=\"your-message\"><\/textarea><\/span> <\/label>\n<\/p>\n<p><input class=\"wpcf7-form-control wpcf7-submit has-spinner\" type=\"submit\" value=\"Enviar\" \/>\n<\/p><div class=\"wpcf7-response-output\" aria-hidden=\"true\"><\/div>\n<\/form>\n<\/div>\n\t\t\t\t<\/div>\n\t\t\t\t<\/div>\n\t\t\t\t\t<\/div>\n\t\t<\/div>\n\t\t\t\t<div class=\"elementor-column elementor-col-50 elementor-top-column elementor-element elementor-element-a6dc8e8 sc_content_align_inherit sc_layouts_column_icons_position_left sc_fly_static\" data-id=\"a6dc8e8\" data-element_type=\"column\" data-e-type=\"column\">\n\t\t\t<div class=\"elementor-widget-wrap elementor-element-populated\">\n\t\t\t\t\t\t<div class=\"elementor-element elementor-element-8111cce sc_fly_static elementor-widget elementor-widget-image\" data-id=\"8111cce\" data-element_type=\"widget\" data-e-type=\"widget\" data-widget_type=\"image.default\">\n\t\t\t\t<div class=\"elementor-widget-container\">\n\t\t\t\t\t\t\t\t\t\t\t\t\t\t\t<img fetchpriority=\"high\" decoding=\"async\" width=\"776\" height=\"635\" src=\"https:\/\/www.farmaciaquimpique.cat\/wp-content\/uploads\/2023\/08\/bannerwhatses-2.jpg\" class=\"attachment-large size-large wp-image-23043\" alt=\"\" srcset=\"https:\/\/www.farmaciaquimpique.cat\/wp-content\/uploads\/2023\/08\/bannerwhatses-2.jpg 776w, https:\/\/www.farmaciaquimpique.cat\/wp-content\/uploads\/2023\/08\/bannerwhatses-2-300x245.jpg 300w, https:\/\/www.farmaciaquimpique.cat\/wp-content\/uploads\/2023\/08\/bannerwhatses-2-768x628.jpg 768w, https:\/\/www.farmaciaquimpique.cat\/wp-content\/uploads\/2023\/08\/bannerwhatses-2-370x303.jpg 370w, https:\/\/www.farmaciaquimpique.cat\/wp-content\/uploads\/2023\/08\/bannerwhatses-2-410x336.jpg 410w, https:\/\/www.farmaciaquimpique.cat\/wp-content\/uploads\/2023\/08\/bannerwhatses-2-600x491.jpg 600w\" sizes=\"(max-width: 776px) 100vw, 776px\" \/>\t\t\t\t\t\t\t\t\t\t\t\t\t\t\t<\/div>\n\t\t\t\t<\/div>\n\t\t\t\t\t<\/div>\n\t\t<\/div>\n\t\t\t\t\t<\/div>\n\t\t<\/section>\n\t\t\t\t<section class=\"elementor-section elementor-top-section elementor-element elementor-element-30fbf87 elementor-section-boxed elementor-section-height-default elementor-section-height-default sc_fly_static\" data-id=\"30fbf87\" data-element_type=\"section\" data-e-type=\"section\">\n\t\t\t\t\t\t<div class=\"elementor-container elementor-column-gap-extended\">\n\t\t\t\t\t<div class=\"elementor-column elementor-col-100 elementor-top-column elementor-element elementor-element-78c3b13 sc_content_align_inherit sc_layouts_column_icons_position_left sc_fly_static\" data-id=\"78c3b13\" data-element_type=\"column\" data-e-type=\"column\">\n\t\t\t<div class=\"elementor-widget-wrap elementor-element-populated\">\n\t\t\t\t\t\t<div class=\"elementor-element elementor-element-58ea4d2 sc_fly_static elementor-widget elementor-widget-heading\" data-id=\"58ea4d2\" data-element_type=\"widget\" data-e-type=\"widget\" data-widget_type=\"heading.default\">\n\t\t\t\t<div class=\"elementor-widget-container\">\n\t\t\t\t\t<h2 class=\"elementor-heading-title elementor-size-default\">Como llegar<\/h2>\t\t\t\t<\/div>\n\t\t\t\t<\/div>\n\t\t\t\t<div class=\"elementor-element elementor-element-228d30e sc_fly_static elementor-widget elementor-widget-text-editor\" data-id=\"228d30e\" data-element_type=\"widget\" data-e-type=\"widget\" data-widget_type=\"text-editor.default\">\n\t\t\t\t<div class=\"elementor-widget-container\">\n\t\t\t\t\t\t\t\t\t<p>Estamos a 5 minutos del hospital, somos la farmacia m\u00e1s pr\u00f3xima.<\/p>\n\t\t\t\t\t\t\t\t<\/div>\n\t\t\t\t<\/div>\n\t\t\t\t<div class=\"elementor-element elementor-element-1a86aa0 sc_fly_static elementor-widget elementor-widget-google_maps\" data-id=\"1a86aa0\" data-element_type=\"widget\" data-e-type=\"widget\" data-widget_type=\"google_maps.default\">\n\t\t\t\t<div class=\"elementor-widget-container\">\n\t\t\t\t\t\t\t<div class=\"elementor-custom-embed\">\n\t\t\t<iframe loading=\"lazy\"\n\t\t\t\t\tsrc=\"https:\/\/maps.google.com\/maps?q=Avenida%20del%20President%20Maci%C3%A0%2C%2023%2043204%2C%20Reus%2C%20Tarragona&#038;t=m&#038;z=13&#038;output=embed&#038;iwloc=near\"\n\t\t\t\t\ttitle=\"Avenida del President Maci\u00e0, 23 43204, Reus, Tarragona\"\n\t\t\t\t\taria-label=\"Avenida del President Maci\u00e0, 23 43204, Reus, Tarragona\"\n\t\t\t><\/iframe>\n\t\t<\/div>\n\t\t\t\t\t\t<\/div>\n\t\t\t\t<\/div>\n\t\t\t\t\t<\/div>\n\t\t<\/div>\n\t\t\t\t\t<\/div>\n\t\t<\/section>\n\t\t\t\t<section class=\"elementor-section elementor-top-section elementor-element elementor-element-fa53e77 elementor-section-boxed elementor-section-height-default elementor-section-height-default sc_fly_static\" data-id=\"fa53e77\" data-element_type=\"section\" data-e-type=\"section\">\n\t\t\t\t\t\t<div class=\"elementor-container elementor-column-gap-extended\">\n\t\t\t\t\t<div class=\"elementor-column elementor-col-16 elementor-top-column elementor-element elementor-element-2047738 sc_content_align_inherit sc_layouts_column_icons_position_left sc_fly_static\" data-id=\"2047738\" data-element_type=\"column\" data-e-type=\"column\">\n\t\t\t<div class=\"elementor-widget-wrap\">\n\t\t\t\t\t\t\t<\/div>\n\t\t<\/div>\n\t\t\t\t<div class=\"elementor-column elementor-col-66 elementor-top-column elementor-element elementor-element-8f6052a sc_content_align_inherit sc_layouts_column_icons_position_left sc_fly_static\" data-id=\"8f6052a\" data-element_type=\"column\" data-e-type=\"column\">\n\t\t\t<div class=\"elementor-widget-wrap elementor-element-populated\">\n\t\t\t\t\t\t<div class=\"elementor-element elementor-element-8e5a104 sc_fly_static elementor-widget elementor-widget-image\" data-id=\"8e5a104\" data-element_type=\"widget\" data-e-type=\"widget\" data-widget_type=\"image.default\">\n\t\t\t\t<div class=\"elementor-widget-container\">\n\t\t\t\t\t\t\t\t\t\t\t\t\t\t\t<img decoding=\"async\" width=\"1024\" height=\"78\" src=\"https:\/\/www.farmaciaquimpique.cat\/wp-content\/uploads\/2023\/06\/kit-1024x78.png\" class=\"attachment-large size-large wp-image-23005\" alt=\"\" srcset=\"https:\/\/www.farmaciaquimpique.cat\/wp-content\/uploads\/2023\/06\/kit-1024x78.png 1024w, https:\/\/www.farmaciaquimpique.cat\/wp-content\/uploads\/2023\/06\/kit-600x46.png 600w, https:\/\/www.farmaciaquimpique.cat\/wp-content\/uploads\/2023\/06\/kit-300x23.png 300w, https:\/\/www.farmaciaquimpique.cat\/wp-content\/uploads\/2023\/06\/kit-768x59.png 768w, https:\/\/www.farmaciaquimpique.cat\/wp-content\/uploads\/2023\/06\/kit-1536x117.png 1536w, https:\/\/www.farmaciaquimpique.cat\/wp-content\/uploads\/2023\/06\/kit-370x28.png 370w, https:\/\/www.farmaciaquimpique.cat\/wp-content\/uploads\/2023\/06\/kit-840x64.png 840w, https:\/\/www.farmaciaquimpique.cat\/wp-content\/uploads\/2023\/06\/kit-410x31.png 410w, https:\/\/www.farmaciaquimpique.cat\/wp-content\/uploads\/2023\/06\/kit.png 1626w\" sizes=\"(max-width: 1024px) 100vw, 1024px\" \/>\t\t\t\t\t\t\t\t\t\t\t\t\t\t\t<\/div>\n\t\t\t\t<\/div>\n\t\t\t\t\t<\/div>\n\t\t<\/div>\n\t\t\t\t<div class=\"elementor-column elementor-col-16 elementor-top-column elementor-element elementor-element-3ecad87 sc_content_align_inherit sc_layouts_column_icons_position_left sc_fly_static\" data-id=\"3ecad87\" data-element_type=\"column\" data-e-type=\"column\">\n\t\t\t<div class=\"elementor-widget-wrap\">\n\t\t\t\t\t\t\t<\/div>\n\t\t<\/div>\n\t\t\t\t\t<\/div>\n\t\t<\/section>\n\t\t\t\t<\/div>\n\t\t","protected":false},"excerpt":{"rendered":"<p>Te ayudamos Te respondemos Rellena el formulario y nos pondremos en contacto contigo lo antes posible, para resolver cualquier de tus dudas y asesorarte en aquello que necesites. Nom i&hellip;<\/p>\n","protected":false},"author":1,"featured_media":0,"parent":0,"menu_order":0,"comment_status":"closed","ping_status":"closed","template":"","meta":{"footnotes":""},"class_list":["post-23046","page","type-page","status-publish","hentry"],"yoast_head":"<!-- This site is optimized with the Yoast SEO plugin v27.4 - https:\/\/yoast.com\/product\/yoast-seo-wordpress\/ -->\n<title>Contacta - Farm\u00e0cia Quim Piqu\u00e9<\/title>\n<meta name=\"robots\" content=\"index, follow, max-snippet:-1, max-image-preview:large, max-video-preview:-1\" \/>\n<link rel=\"canonical\" href=\"https:\/\/www.farmaciaquimpique.cat\/es\/contacta\/\" \/>\n<meta property=\"og:locale\" content=\"es_ES\" \/>\n<meta property=\"og:type\" content=\"article\" \/>\n<meta property=\"og:title\" content=\"Contacta - Farm\u00e0cia Quim Piqu\u00e9\" \/>\n<meta property=\"og:description\" content=\"Te ayudamos Te respondemos Rellena el formulario y nos pondremos en contacto contigo lo antes posible, para resolver cualquier de tus dudas y asesorarte en aquello que necesites. Nom i&hellip;\" \/>\n<meta property=\"og:url\" content=\"https:\/\/www.farmaciaquimpique.cat\/es\/contacta\/\" \/>\n<meta property=\"og:site_name\" content=\"Farm\u00e0cia Quim Piqu\u00e9\" \/>\n<meta property=\"article:publisher\" content=\"https:\/\/www.facebook.com\/FarmaciaQuimPique\" \/>\n<meta property=\"article:modified_time\" content=\"2023-08-02T08:35:04+00:00\" \/>\n<meta property=\"og:image\" content=\"https:\/\/www.farmaciaquimpique.cat\/wp-content\/uploads\/2023\/08\/bannerwhats2.png\" \/>\n<meta name=\"twitter:card\" content=\"summary_large_image\" \/>\n<script type=\"application\/ld+json\" class=\"yoast-schema-graph\">{\"@context\":\"https:\\\/\\\/schema.org\",\"@graph\":[{\"@type\":\"WebPage\",\"@id\":\"https:\\\/\\\/www.farmaciaquimpique.cat\\\/es\\\/contacta\\\/\",\"url\":\"https:\\\/\\\/www.farmaciaquimpique.cat\\\/es\\\/contacta\\\/\",\"name\":\"Contacta - Farm\u00e0cia Quim Piqu\u00e9\",\"isPartOf\":{\"@id\":\"https:\\\/\\\/www.farmaciaquimpique.cat\\\/#website\"},\"primaryImageOfPage\":{\"@id\":\"https:\\\/\\\/www.farmaciaquimpique.cat\\\/es\\\/contacta\\\/#primaryimage\"},\"image\":{\"@id\":\"https:\\\/\\\/www.farmaciaquimpique.cat\\\/es\\\/contacta\\\/#primaryimage\"},\"thumbnailUrl\":\"https:\\\/\\\/www.farmaciaquimpique.cat\\\/wp-content\\\/uploads\\\/2023\\\/08\\\/bannerwhats2.png\",\"datePublished\":\"2023-06-21T15:06:56+00:00\",\"dateModified\":\"2023-08-02T08:35:04+00:00\",\"breadcrumb\":{\"@id\":\"https:\\\/\\\/www.farmaciaquimpique.cat\\\/es\\\/contacta\\\/#breadcrumb\"},\"inLanguage\":\"es\",\"potentialAction\":[{\"@type\":\"ReadAction\",\"target\":[\"https:\\\/\\\/www.farmaciaquimpique.cat\\\/es\\\/contacta\\\/\"]}]},{\"@type\":\"ImageObject\",\"inLanguage\":\"es\",\"@id\":\"https:\\\/\\\/www.farmaciaquimpique.cat\\\/es\\\/contacta\\\/#primaryimage\",\"url\":\"https:\\\/\\\/www.farmaciaquimpique.cat\\\/wp-content\\\/uploads\\\/2023\\\/08\\\/bannerwhats2.png\",\"contentUrl\":\"https:\\\/\\\/www.farmaciaquimpique.cat\\\/wp-content\\\/uploads\\\/2023\\\/08\\\/bannerwhats2.png\"},{\"@type\":\"BreadcrumbList\",\"@id\":\"https:\\\/\\\/www.farmaciaquimpique.cat\\\/es\\\/contacta\\\/#breadcrumb\",\"itemListElement\":[{\"@type\":\"ListItem\",\"position\":1,\"name\":\"Inici\",\"item\":\"https:\\\/\\\/www.farmaciaquimpique.cat\\\/es\\\/inicio\\\/\"},{\"@type\":\"ListItem\",\"position\":2,\"name\":\"Contacta\"}]},{\"@type\":\"WebSite\",\"@id\":\"https:\\\/\\\/www.farmaciaquimpique.cat\\\/#website\",\"url\":\"https:\\\/\\\/www.farmaciaquimpique.cat\\\/\",\"name\":\"Farm\u00e0cia Quim Piqu\u00e9\",\"description\":\"M\u00e9s de un segle sent la teva farm\u00e0cia de refernecia\",\"publisher\":{\"@id\":\"https:\\\/\\\/www.farmaciaquimpique.cat\\\/#organization\"},\"potentialAction\":[{\"@type\":\"SearchAction\",\"target\":{\"@type\":\"EntryPoint\",\"urlTemplate\":\"https:\\\/\\\/www.farmaciaquimpique.cat\\\/?s={search_term_string}\"},\"query-input\":{\"@type\":\"PropertyValueSpecification\",\"valueRequired\":true,\"valueName\":\"search_term_string\"}}],\"inLanguage\":\"es\"},{\"@type\":\"Organization\",\"@id\":\"https:\\\/\\\/www.farmaciaquimpique.cat\\\/#organization\",\"name\":\"Farm\u00e0cia Quim Piqu\u00e9\",\"url\":\"https:\\\/\\\/www.farmaciaquimpique.cat\\\/\",\"logo\":{\"@type\":\"ImageObject\",\"inLanguage\":\"es\",\"@id\":\"https:\\\/\\\/www.farmaciaquimpique.cat\\\/#\\\/schema\\\/logo\\\/image\\\/\",\"url\":\"https:\\\/\\\/www.farmaciaquimpique.cat\\\/wp-content\\\/uploads\\\/2021\\\/06\\\/cropped-farmPique-logo.jpg\",\"contentUrl\":\"https:\\\/\\\/www.farmaciaquimpique.cat\\\/wp-content\\\/uploads\\\/2021\\\/06\\\/cropped-farmPique-logo.jpg\",\"width\":212,\"height\":66,\"caption\":\"Farm\u00e0cia Quim Piqu\u00e9\"},\"image\":{\"@id\":\"https:\\\/\\\/www.farmaciaquimpique.cat\\\/#\\\/schema\\\/logo\\\/image\\\/\"},\"sameAs\":[\"https:\\\/\\\/www.facebook.com\\\/FarmaciaQuimPique\",\"https:\\\/\\\/www.instagram.com\\\/farmacia_quim_pique\\\/?hl=es\"]}]}<\/script>\n<!-- \/ Yoast SEO plugin. -->","yoast_head_json":{"title":"Contacta - Farm\u00e0cia Quim Piqu\u00e9","robots":{"index":"index","follow":"follow","max-snippet":"max-snippet:-1","max-image-preview":"max-image-preview:large","max-video-preview":"max-video-preview:-1"},"canonical":"https:\/\/www.farmaciaquimpique.cat\/es\/contacta\/","og_locale":"es_ES","og_type":"article","og_title":"Contacta - Farm\u00e0cia Quim Piqu\u00e9","og_description":"Te ayudamos Te respondemos Rellena el formulario y nos pondremos en contacto contigo lo antes posible, para resolver cualquier de tus dudas y asesorarte en aquello que necesites. Nom i&hellip;","og_url":"https:\/\/www.farmaciaquimpique.cat\/es\/contacta\/","og_site_name":"Farm\u00e0cia Quim Piqu\u00e9","article_publisher":"https:\/\/www.facebook.com\/FarmaciaQuimPique","article_modified_time":"2023-08-02T08:35:04+00:00","og_image":[{"url":"https:\/\/www.farmaciaquimpique.cat\/wp-content\/uploads\/2023\/08\/bannerwhats2.png","type":"","width":"","height":""}],"twitter_card":"summary_large_image","schema":{"@context":"https:\/\/schema.org","@graph":[{"@type":"WebPage","@id":"https:\/\/www.farmaciaquimpique.cat\/es\/contacta\/","url":"https:\/\/www.farmaciaquimpique.cat\/es\/contacta\/","name":"Contacta - Farm\u00e0cia Quim Piqu\u00e9","isPartOf":{"@id":"https:\/\/www.farmaciaquimpique.cat\/#website"},"primaryImageOfPage":{"@id":"https:\/\/www.farmaciaquimpique.cat\/es\/contacta\/#primaryimage"},"image":{"@id":"https:\/\/www.farmaciaquimpique.cat\/es\/contacta\/#primaryimage"},"thumbnailUrl":"https:\/\/www.farmaciaquimpique.cat\/wp-content\/uploads\/2023\/08\/bannerwhats2.png","datePublished":"2023-06-21T15:06:56+00:00","dateModified":"2023-08-02T08:35:04+00:00","breadcrumb":{"@id":"https:\/\/www.farmaciaquimpique.cat\/es\/contacta\/#breadcrumb"},"inLanguage":"es","potentialAction":[{"@type":"ReadAction","target":["https:\/\/www.farmaciaquimpique.cat\/es\/contacta\/"]}]},{"@type":"ImageObject","inLanguage":"es","@id":"https:\/\/www.farmaciaquimpique.cat\/es\/contacta\/#primaryimage","url":"https:\/\/www.farmaciaquimpique.cat\/wp-content\/uploads\/2023\/08\/bannerwhats2.png","contentUrl":"https:\/\/www.farmaciaquimpique.cat\/wp-content\/uploads\/2023\/08\/bannerwhats2.png"},{"@type":"BreadcrumbList","@id":"https:\/\/www.farmaciaquimpique.cat\/es\/contacta\/#breadcrumb","itemListElement":[{"@type":"ListItem","position":1,"name":"Inici","item":"https:\/\/www.farmaciaquimpique.cat\/es\/inicio\/"},{"@type":"ListItem","position":2,"name":"Contacta"}]},{"@type":"WebSite","@id":"https:\/\/www.farmaciaquimpique.cat\/#website","url":"https:\/\/www.farmaciaquimpique.cat\/","name":"Farm\u00e0cia Quim Piqu\u00e9","description":"M\u00e9s de un segle sent la teva farm\u00e0cia de refernecia","publisher":{"@id":"https:\/\/www.farmaciaquimpique.cat\/#organization"},"potentialAction":[{"@type":"SearchAction","target":{"@type":"EntryPoint","urlTemplate":"https:\/\/www.farmaciaquimpique.cat\/?s={search_term_string}"},"query-input":{"@type":"PropertyValueSpecification","valueRequired":true,"valueName":"search_term_string"}}],"inLanguage":"es"},{"@type":"Organization","@id":"https:\/\/www.farmaciaquimpique.cat\/#organization","name":"Farm\u00e0cia Quim Piqu\u00e9","url":"https:\/\/www.farmaciaquimpique.cat\/","logo":{"@type":"ImageObject","inLanguage":"es","@id":"https:\/\/www.farmaciaquimpique.cat\/#\/schema\/logo\/image\/","url":"https:\/\/www.farmaciaquimpique.cat\/wp-content\/uploads\/2021\/06\/cropped-farmPique-logo.jpg","contentUrl":"https:\/\/www.farmaciaquimpique.cat\/wp-content\/uploads\/2021\/06\/cropped-farmPique-logo.jpg","width":212,"height":66,"caption":"Farm\u00e0cia Quim Piqu\u00e9"},"image":{"@id":"https:\/\/www.farmaciaquimpique.cat\/#\/schema\/logo\/image\/"},"sameAs":["https:\/\/www.facebook.com\/FarmaciaQuimPique","https:\/\/www.instagram.com\/farmacia_quim_pique\/?hl=es"]}]}},"_links":{"self":[{"href":"https:\/\/www.farmaciaquimpique.cat\/es\/wp-json\/wp\/v2\/pages\/23046","targetHints":{"allow":["GET"]}}],"collection":[{"href":"https:\/\/www.farmaciaquimpique.cat\/es\/wp-json\/wp\/v2\/pages"}],"about":[{"href":"https:\/\/www.farmaciaquimpique.cat\/es\/wp-json\/wp\/v2\/types\/page"}],"author":[{"embeddable":true,"href":"https:\/\/www.farmaciaquimpique.cat\/es\/wp-json\/wp\/v2\/users\/1"}],"replies":[{"embeddable":true,"href":"https:\/\/www.farmaciaquimpique.cat\/es\/wp-json\/wp\/v2\/comments?post=23046"}],"version-history":[{"count":3,"href":"https:\/\/www.farmaciaquimpique.cat\/es\/wp-json\/wp\/v2\/pages\/23046\/revisions"}],"predecessor-version":[{"id":23079,"href":"https:\/\/www.farmaciaquimpique.cat\/es\/wp-json\/wp\/v2\/pages\/23046\/revisions\/23079"}],"wp:attachment":[{"href":"https:\/\/www.farmaciaquimpique.cat\/es\/wp-json\/wp\/v2\/media?parent=23046"}],"curies":[{"name":"wp","href":"https:\/\/api.w.org\/{rel}","templated":true}]}}